{"id":2874,"date":"2026-03-19T10:38:46","date_gmt":"2026-03-19T09:38:46","guid":{"rendered":"https:\/\/og-recruitment.com\/?page_id=2874"},"modified":"2026-03-19T10:45:40","modified_gmt":"2026-03-19T09:45:40","slug":"assessment-center","status":"publish","type":"page","link":"https:\/\/og-recruitment.com\/en\/assessment-center\/","title":{"rendered":"Assessment centre"},"content":{"rendered":"","protected":false},"excerpt":{"rendered":"","protected":false},"author":2,"featured_media":579,"parent":0,"menu_order":0,"comment_status":"closed","ping_status":"closed","template":"","meta":{"_acf_changed":false,"footnotes":""},"class_list":["post-2874","page","type-page","status-publish","has-post-thumbnail","hentry"],"acf":[],"yoast_head":"<!-- This site is optimized with the Yoast SEO plugin v27.2 - https:\/\/yoast.com\/product\/yoast-seo-wordpress\/ -->\n<title>Assessment Center | OG Recruitment<\/title>\n<meta name=\"description\" content=\"Mit strukturierten Assessment Centern unterst\u00fctzt OG Recruitment Unternehmen dabei, F\u00fchrungskr\u00e4fte und Spezialisten objektiv zu bewerten.\" \/>\n<meta name=\"robots\" content=\"index, follow, max-snippet:-1, max-image-preview:large, max-video-preview:-1\" \/>\n<link rel=\"canonical\" href=\"https:\/\/og-recruitment.com\/en\/assessment-center\/\" \/>\n<meta property=\"og:locale\" content=\"en_GB\" \/>\n<meta property=\"og:type\" content=\"article\" \/>\n<meta property=\"og:title\" content=\"Assessment Center | OG Recruitment\" \/>\n<meta property=\"og:description\" content=\"Mit strukturierten Assessment Centern unterst\u00fctzt OG Recruitment Unternehmen dabei, F\u00fchrungskr\u00e4fte und Spezialisten objektiv zu bewerten.\" \/>\n<meta property=\"og:url\" content=\"https:\/\/og-recruitment.com\/en\/assessment-center\/\" \/>\n<meta property=\"og:site_name\" content=\"OG Recruitment \u2013 Personalvermittlung in Luxemburg.\" \/>\n<meta property=\"article:modified_time\" content=\"2026-03-19T09:45:40+00:00\" \/>\n<meta property=\"og:image\" content=\"https:\/\/og-recruitment.com\/app\/uploads\/2024\/06\/bewerber-sitzt-mit-chef-an-einem-tisch.jpg\" \/>\n\t<meta property=\"og:image:width\" content=\"1828\" \/>\n\t<meta property=\"og:image:height\" content=\"546\" \/>\n\t<meta property=\"og:image:type\" content=\"image\/jpeg\" \/>\n<meta name=\"twitter:card\" content=\"summary_large_image\" \/>\n<meta name=\"twitter:label1\" content=\"Estimated reading time\" \/>\n\t<meta name=\"twitter:data1\" content=\"3 minutes\" \/>\n<script type=\"application\/ld+json\" class=\"yoast-schema-graph\">{\"@context\":\"https:\/\/schema.org\",\"@graph\":[{\"@type\":\"WebPage\",\"@id\":\"https:\/\/og-recruitment.com\/assessment-center\/\",\"url\":\"https:\/\/og-recruitment.com\/assessment-center\/\",\"name\":\"Assessment Center | OG Recruitment\",\"isPartOf\":{\"@id\":\"https:\/\/og-recruitment.com\/#website\"},\"primaryImageOfPage\":{\"@id\":\"https:\/\/og-recruitment.com\/assessment-center\/#primaryimage\"},\"image\":{\"@id\":\"https:\/\/og-recruitment.com\/assessment-center\/#primaryimage\"},\"thumbnailUrl\":\"https:\/\/og-recruitment.com\/app\/uploads\/2024\/06\/bewerber-sitzt-mit-chef-an-einem-tisch.jpg\",\"datePublished\":\"2026-03-19T09:38:46+00:00\",\"dateModified\":\"2026-03-19T09:45:40+00:00\",\"description\":\"Mit strukturierten Assessment Centern unterst\u00fctzt OG Recruitment Unternehmen dabei, F\u00fchrungskr\u00e4fte und Spezialisten objektiv zu bewerten.\",\"breadcrumb\":{\"@id\":\"https:\/\/og-recruitment.com\/assessment-center\/#breadcrumb\"},\"inLanguage\":\"en-GB\",\"potentialAction\":[{\"@type\":\"ReadAction\",\"target\":[\"https:\/\/og-recruitment.com\/assessment-center\/\"]}]},{\"@type\":\"ImageObject\",\"inLanguage\":\"en-GB\",\"@id\":\"https:\/\/og-recruitment.com\/assessment-center\/#primaryimage\",\"url\":\"https:\/\/og-recruitment.com\/app\/uploads\/2024\/06\/bewerber-sitzt-mit-chef-an-einem-tisch.jpg\",\"contentUrl\":\"https:\/\/og-recruitment.com\/app\/uploads\/2024\/06\/bewerber-sitzt-mit-chef-an-einem-tisch.jpg\",\"width\":1828,\"height\":546,\"caption\":\"bewerber-sitzt-mit-chef-an-einem-tisch\"},{\"@type\":\"BreadcrumbList\",\"@id\":\"https:\/\/og-recruitment.com\/assessment-center\/#breadcrumb\",\"itemListElement\":[{\"@type\":\"ListItem\",\"position\":1,\"name\":\"Home\",\"item\":\"https:\/\/og-recruitment.com\/\"},{\"@type\":\"ListItem\",\"position\":2,\"name\":\"Assessment Center\"}]},{\"@type\":\"WebSite\",\"@id\":\"https:\/\/og-recruitment.com\/#website\",\"url\":\"https:\/\/og-recruitment.com\/\",\"name\":\"OG Recruitment \u2013 Personalvermittlung in Luxemburg.\",\"description\":\"\",\"potentialAction\":[{\"@type\":\"SearchAction\",\"target\":{\"@type\":\"EntryPoint\",\"urlTemplate\":\"https:\/\/og-recruitment.com\/?s={search_term_string}\"},\"query-input\":{\"@type\":\"PropertyValueSpecification\",\"valueRequired\":true,\"valueName\":\"search_term_string\"}}],\"inLanguage\":\"en-GB\"}]}<\/script>\n<!-- \/ Yoast SEO plugin. -->","yoast_head_json":{"title":"Assessment Centre | OG Recruitment","description":"With structured assessment centres, OG Recruitment supports companies in objectively evaluating managers and specialists.","robots":{"index":"index","follow":"follow","max-snippet":"max-snippet:-1","max-image-preview":"max-image-preview:large","max-video-preview":"max-video-preview:-1"},"canonical":"https:\/\/og-recruitment.com\/en\/assessment-center\/","og_locale":"en_GB","og_type":"article","og_title":"Assessment Center | OG Recruitment","og_description":"Mit strukturierten Assessment Centern unterst\u00fctzt OG Recruitment Unternehmen dabei, F\u00fchrungskr\u00e4fte und Spezialisten objektiv zu bewerten.","og_url":"https:\/\/og-recruitment.com\/en\/assessment-center\/","og_site_name":"OG Recruitment \u2013 Personalvermittlung in Luxemburg.","article_modified_time":"2026-03-19T09:45:40+00:00","og_image":[{"width":1828,"height":546,"url":"https:\/\/og-recruitment.com\/app\/uploads\/2024\/06\/bewerber-sitzt-mit-chef-an-einem-tisch.jpg","type":"image\/jpeg"}],"twitter_card":"summary_large_image","twitter_misc":{"Estimated reading time":"3 minutes"},"schema":{"@context":"https:\/\/schema.org","@graph":[{"@type":"WebPage","@id":"https:\/\/og-recruitment.com\/assessment-center\/","url":"https:\/\/og-recruitment.com\/assessment-center\/","name":"Assessment Centre | OG Recruitment","isPartOf":{"@id":"https:\/\/og-recruitment.com\/#website"},"primaryImageOfPage":{"@id":"https:\/\/og-recruitment.com\/assessment-center\/#primaryimage"},"image":{"@id":"https:\/\/og-recruitment.com\/assessment-center\/#primaryimage"},"thumbnailUrl":"https:\/\/og-recruitment.com\/app\/uploads\/2024\/06\/bewerber-sitzt-mit-chef-an-einem-tisch.jpg","datePublished":"2026-03-19T09:38:46+00:00","dateModified":"2026-03-19T09:45:40+00:00","description":"With structured assessment centres, OG Recruitment supports companies in objectively evaluating managers and specialists.","breadcrumb":{"@id":"https:\/\/og-recruitment.com\/assessment-center\/#breadcrumb"},"inLanguage":"en-GB","potentialAction":[{"@type":"ReadAction","target":["https:\/\/og-recruitment.com\/assessment-center\/"]}]},{"@type":"ImageObject","inLanguage":"en-GB","@id":"https:\/\/og-recruitment.com\/assessment-center\/#primaryimage","url":"https:\/\/og-recruitment.com\/app\/uploads\/2024\/06\/bewerber-sitzt-mit-chef-an-einem-tisch.jpg","contentUrl":"https:\/\/og-recruitment.com\/app\/uploads\/2024\/06\/bewerber-sitzt-mit-chef-an-einem-tisch.jpg","width":1828,"height":546,"caption":"bewerber-sitzt-mit-chef-an-einem-tisch"},{"@type":"BreadcrumbList","@id":"https:\/\/og-recruitment.com\/assessment-center\/#breadcrumb","itemListElement":[{"@type":"ListItem","position":1,"name":"Home","item":"https:\/\/og-recruitment.com\/"},{"@type":"ListItem","position":2,"name":"Assessment Center"}]},{"@type":"WebSite","@id":"https:\/\/og-recruitment.com\/#website","url":"https:\/\/og-recruitment.com\/","name":"OG Recruitment - Recruitment agency in Luxembourg.","description":"","potentialAction":[{"@type":"SearchAction","target":{"@type":"EntryPoint","urlTemplate":"https:\/\/og-recruitment.com\/?s={search_term_string}"},"query-input":{"@type":"PropertyValueSpecification","valueRequired":true,"valueName":"search_term_string"}}],"inLanguage":"en-GB"}]}},"_links":{"self":[{"href":"https:\/\/og-recruitment.com\/en\/wp-json\/wp\/v2\/pages\/2874","targetHints":{"allow":["GET"]}}],"collection":[{"href":"https:\/\/og-recruitment.com\/en\/wp-json\/wp\/v2\/pages"}],"about":[{"href":"https:\/\/og-recruitment.com\/en\/wp-json\/wp\/v2\/types\/page"}],"author":[{"embeddable":true,"href":"https:\/\/og-recruitment.com\/en\/wp-json\/wp\/v2\/users\/2"}],"replies":[{"embeddable":true,"href":"https:\/\/og-recruitment.com\/en\/wp-json\/wp\/v2\/comments?post=2874"}],"version-history":[{"count":1,"href":"https:\/\/og-recruitment.com\/en\/wp-json\/wp\/v2\/pages\/2874\/revisions"}],"predecessor-version":[{"id":2875,"href":"https:\/\/og-recruitment.com\/en\/wp-json\/wp\/v2\/pages\/2874\/revisions\/2875"}],"wp:featuredmedia":[{"embeddable":true,"href":"https:\/\/og-recruitment.com\/en\/wp-json\/wp\/v2\/media\/579"}],"wp:attachment":[{"href":"https:\/\/og-recruitment.com\/en\/wp-json\/wp\/v2\/media?parent=2874"}],"curies":[{"name":"wp","href":"https:\/\/api.w.org\/{rel}","templated":true}]}}