{"id":458,"date":"2024-06-24T15:43:17","date_gmt":"2024-06-24T13:43:17","guid":{"rendered":"https:\/\/og-recruitment.com\/?page_id=458"},"modified":"2024-07-01T12:39:47","modified_gmt":"2024-07-01T10:39:47","slug":"impressum","status":"publish","type":"page","link":"https:\/\/og-recruitment.com\/en\/impressum\/","title":{"rendered":"Imprint"},"content":{"rendered":"<p>Oliver Gr\u00f6bel<br>OG Recruitment S.\u00e0 r.l.<br>1, Momperwee<br>L-6665 Herborn<\/p>\n\n\n\n<h2 class=\"wp-block-heading\">Contact us<\/h2>\n\n\n\n<p>Phone: +352 26 72 06 56<br>E-mail: info@og-recruitment.com<\/p>\n\n\n\n<h2 class=\"wp-block-heading\">Sales tax ID<\/h2>\n\n\n\n<p>Sales tax identification number according to \u00a7 27 a sales tax law:<br>LU34041680<\/p>\n\n\n\n<h2 class=\"wp-block-heading\">Editorially responsible<\/h2>\n\n\n\n<p>Oliver Gr\u00f6bel<br>1, Momperwee<br>L-6665 Herborn<\/p>\n\n\n\n<h2 class=\"wp-block-heading\">EU dispute resolution<\/h2>\n\n\n\n<p>The European Commission provides a platform for online dispute resolution (OS): <a href=\"https:\/\/ec.europa.eu\/consumers\/odr\/\" target=\"_blank\" rel=\"noreferrer noopener\">https:\/\/ec.europa.eu\/consumers\/odr\/<\/a>.<br>You can find our e-mail address in the legal notice above.<\/p>\n\n\n\n<h2 class=\"wp-block-heading\">Consumer dispute resolution\/universal arbitration centre<\/h2>\n\n\n\n<p>We participate in a dispute resolution procedure before a consumer arbitration board. The universal arbitration board of the Zentrum f\u00fcr Schlichtung e.V., Stra\u00dfburger Stra\u00dfe 8, 77694 Kehl am Rhein (<a href=\"https:\/\/www.verbraucher-schlichter.de\" rel=\"noreferrer noopener\" target=\"_blank\">https:\/\/www.verbraucher-schlichter.de<\/a>).<\/p>","protected":false},"excerpt":{"rendered":"<p>Oliver Gr\u00f6belOG Recruitment S.\u00e0 r.l.1, MomperweeL-6665 Herborn Kontakt Telefon: +352 26 72 06 56E-Mail: info@og-recruitment.com Umsatzsteuer-ID Umsatzsteuer-Identifikationsnummer gem\u00e4\u00df \u00a7 27 a Umsatzsteuergesetz:LU34041680 Redaktionell verantwortlich Oliver Gr\u00f6bel1, MomperweeL-6665 Herborn EU-Streitschlichtung Die Europ\u00e4ische Kommission stellt eine Plattform zur Online-Streitbeilegung (OS) bereit: https:\/\/ec.europa.eu\/consumers\/odr\/.Unsere E-Mail-Adresse finden Sie oben im Impressum. Verbraucher\u00adstreit\u00adbeilegung\/Universal\u00adschlichtungs\u00adstelle Wir nehmen an einem Streitbeilegungsverfahren vor einer Verbraucherschlichtungsstelle [&hellip;]<\/p>\n","protected":false},"author":2,"featured_media":0,"parent":0,"menu_order":0,"comment_status":"closed","ping_status":"closed","template":"","meta":{"_acf_changed":false,"footnotes":""},"class_list":["post-458","page","type-page","status-publish","hentry"],"acf":[],"yoast_head":"<!-- This site is optimized with the Yoast SEO plugin v27.2 - https:\/\/yoast.com\/product\/yoast-seo-wordpress\/ -->\n<title>Impressum - OG Recruitment \u2013 Personalvermittlung in Luxemburg.<\/title>\n<meta name=\"robots\" content=\"index, follow, max-snippet:-1, max-image-preview:large, max-video-preview:-1\" \/>\n<link rel=\"canonical\" href=\"https:\/\/og-recruitment.com\/en\/impressum\/\" \/>\n<meta property=\"og:locale\" content=\"en_GB\" \/>\n<meta property=\"og:type\" content=\"article\" \/>\n<meta property=\"og:title\" content=\"Impressum - OG Recruitment \u2013 Personalvermittlung in Luxemburg.\" \/>\n<meta property=\"og:description\" content=\"Oliver Gr\u00f6belOG Recruitment S.\u00e0 r.l.1, MomperweeL-6665 Herborn Kontakt Telefon: +352 26 72 06 56E-Mail: info@og-recruitment.com Umsatzsteuer-ID Umsatzsteuer-Identifikationsnummer gem\u00e4\u00df \u00a7 27 a Umsatzsteuergesetz:LU34041680 Redaktionell verantwortlich Oliver Gr\u00f6bel1, MomperweeL-6665 Herborn EU-Streitschlichtung Die Europ\u00e4ische Kommission stellt eine Plattform zur Online-Streitbeilegung (OS) bereit: https:\/\/ec.europa.eu\/consumers\/odr\/.Unsere E-Mail-Adresse finden Sie oben im Impressum. Verbraucher\u00adstreit\u00adbeilegung\/Universal\u00adschlichtungs\u00adstelle Wir nehmen an einem Streitbeilegungsverfahren vor einer Verbraucherschlichtungsstelle [&hellip;]\" \/>\n<meta property=\"og:url\" content=\"https:\/\/og-recruitment.com\/en\/impressum\/\" \/>\n<meta property=\"og:site_name\" content=\"OG Recruitment \u2013 Personalvermittlung in Luxemburg.\" \/>\n<meta property=\"article:modified_time\" content=\"2024-07-01T10:39:47+00:00\" \/>\n<meta name=\"twitter:card\" content=\"summary_large_image\" \/>\n<meta name=\"twitter:label1\" content=\"Estimated reading time\" \/>\n\t<meta name=\"twitter:data1\" content=\"1 minute\" \/>\n<script type=\"application\/ld+json\" class=\"yoast-schema-graph\">{\"@context\":\"https:\/\/schema.org\",\"@graph\":[{\"@type\":\"WebPage\",\"@id\":\"https:\/\/og-recruitment.com\/impressum\/\",\"url\":\"https:\/\/og-recruitment.com\/impressum\/\",\"name\":\"Impressum - OG Recruitment \u2013 Personalvermittlung in Luxemburg.\",\"isPartOf\":{\"@id\":\"https:\/\/og-recruitment.com\/#website\"},\"datePublished\":\"2024-06-24T13:43:17+00:00\",\"dateModified\":\"2024-07-01T10:39:47+00:00\",\"breadcrumb\":{\"@id\":\"https:\/\/og-recruitment.com\/impressum\/#breadcrumb\"},\"inLanguage\":\"en-GB\",\"potentialAction\":[{\"@type\":\"ReadAction\",\"target\":[\"https:\/\/og-recruitment.com\/impressum\/\"]}]},{\"@type\":\"BreadcrumbList\",\"@id\":\"https:\/\/og-recruitment.com\/impressum\/#breadcrumb\",\"itemListElement\":[{\"@type\":\"ListItem\",\"position\":1,\"name\":\"Home\",\"item\":\"https:\/\/og-recruitment.com\/\"},{\"@type\":\"ListItem\",\"position\":2,\"name\":\"Impressum\"}]},{\"@type\":\"WebSite\",\"@id\":\"https:\/\/og-recruitment.com\/#website\",\"url\":\"https:\/\/og-recruitment.com\/\",\"name\":\"OG Recruitment \u2013 Personalvermittlung in Luxemburg.\",\"description\":\"\",\"potentialAction\":[{\"@type\":\"SearchAction\",\"target\":{\"@type\":\"EntryPoint\",\"urlTemplate\":\"https:\/\/og-recruitment.com\/?s={search_term_string}\"},\"query-input\":{\"@type\":\"PropertyValueSpecification\",\"valueRequired\":true,\"valueName\":\"search_term_string\"}}],\"inLanguage\":\"en-GB\"}]}<\/script>\n<!-- \/ Yoast SEO plugin. -->","yoast_head_json":{"title":"Imprint - OG Recruitment - Recruitment agency in Luxembourg.","robots":{"index":"index","follow":"follow","max-snippet":"max-snippet:-1","max-image-preview":"max-image-preview:large","max-video-preview":"max-video-preview:-1"},"canonical":"https:\/\/og-recruitment.com\/en\/impressum\/","og_locale":"en_GB","og_type":"article","og_title":"Impressum - OG Recruitment \u2013 Personalvermittlung in Luxemburg.","og_description":"Oliver Gr\u00f6belOG Recruitment S.\u00e0 r.l.1, MomperweeL-6665 Herborn Kontakt Telefon: +352 26 72 06 56E-Mail: info@og-recruitment.com Umsatzsteuer-ID Umsatzsteuer-Identifikationsnummer gem\u00e4\u00df \u00a7 27 a Umsatzsteuergesetz:LU34041680 Redaktionell verantwortlich Oliver Gr\u00f6bel1, MomperweeL-6665 Herborn EU-Streitschlichtung Die Europ\u00e4ische Kommission stellt eine Plattform zur Online-Streitbeilegung (OS) bereit: https:\/\/ec.europa.eu\/consumers\/odr\/.Unsere E-Mail-Adresse finden Sie oben im Impressum. Verbraucher\u00adstreit\u00adbeilegung\/Universal\u00adschlichtungs\u00adstelle Wir nehmen an einem Streitbeilegungsverfahren vor einer Verbraucherschlichtungsstelle [&hellip;]","og_url":"https:\/\/og-recruitment.com\/en\/impressum\/","og_site_name":"OG Recruitment \u2013 Personalvermittlung in Luxemburg.","article_modified_time":"2024-07-01T10:39:47+00:00","twitter_card":"summary_large_image","twitter_misc":{"Estimated reading time":"1 minute"},"schema":{"@context":"https:\/\/schema.org","@graph":[{"@type":"WebPage","@id":"https:\/\/og-recruitment.com\/impressum\/","url":"https:\/\/og-recruitment.com\/impressum\/","name":"Imprint - OG Recruitment - Recruitment agency in Luxembourg.","isPartOf":{"@id":"https:\/\/og-recruitment.com\/#website"},"datePublished":"2024-06-24T13:43:17+00:00","dateModified":"2024-07-01T10:39:47+00:00","breadcrumb":{"@id":"https:\/\/og-recruitment.com\/impressum\/#breadcrumb"},"inLanguage":"en-GB","potentialAction":[{"@type":"ReadAction","target":["https:\/\/og-recruitment.com\/impressum\/"]}]},{"@type":"BreadcrumbList","@id":"https:\/\/og-recruitment.com\/impressum\/#breadcrumb","itemListElement":[{"@type":"ListItem","position":1,"name":"Home","item":"https:\/\/og-recruitment.com\/"},{"@type":"ListItem","position":2,"name":"Impressum"}]},{"@type":"WebSite","@id":"https:\/\/og-recruitment.com\/#website","url":"https:\/\/og-recruitment.com\/","name":"OG Recruitment - Recruitment agency in Luxembourg.","description":"","potentialAction":[{"@type":"SearchAction","target":{"@type":"EntryPoint","urlTemplate":"https:\/\/og-recruitment.com\/?s={search_term_string}"},"query-input":{"@type":"PropertyValueSpecification","valueRequired":true,"valueName":"search_term_string"}}],"inLanguage":"en-GB"}]}},"_links":{"self":[{"href":"https:\/\/og-recruitment.com\/en\/wp-json\/wp\/v2\/pages\/458","targetHints":{"allow":["GET"]}}],"collection":[{"href":"https:\/\/og-recruitment.com\/en\/wp-json\/wp\/v2\/pages"}],"about":[{"href":"https:\/\/og-recruitment.com\/en\/wp-json\/wp\/v2\/types\/page"}],"author":[{"embeddable":true,"href":"https:\/\/og-recruitment.com\/en\/wp-json\/wp\/v2\/users\/2"}],"replies":[{"embeddable":true,"href":"https:\/\/og-recruitment.com\/en\/wp-json\/wp\/v2\/comments?post=458"}],"version-history":[{"count":2,"href":"https:\/\/og-recruitment.com\/en\/wp-json\/wp\/v2\/pages\/458\/revisions"}],"predecessor-version":[{"id":818,"href":"https:\/\/og-recruitment.com\/en\/wp-json\/wp\/v2\/pages\/458\/revisions\/818"}],"wp:attachment":[{"href":"https:\/\/og-recruitment.com\/en\/wp-json\/wp\/v2\/media?parent=458"}],"curies":[{"name":"wp","href":"https:\/\/api.w.org\/{rel}","templated":true}]}}